{"id":915,"date":"2019-08-29T00:50:02","date_gmt":"2019-08-28T22:50:02","guid":{"rendered":"https:\/\/www.campingdeletangdupuy.com\/?page_id=915"},"modified":"2019-08-29T00:50:13","modified_gmt":"2019-08-28T22:50:13","slug":"request-for-access-to-personal-data","status":"publish","type":"page","link":"https:\/\/www.campingdeletangdupuy.com\/en\/demande-dacces-aux-donnees-personnelles\/","title":{"rendered":"Request for access to personal data"},"content":{"rendered":"<form action=\"\" class=\"contact form-horizontal\" role=\"form\" method=\"post\" data-trp-original-action=\"\">\r\n\t\t\t\t<p>\r\n\t\t\t\t\tTo access, modify or delete your personal data, please fill in this form <strong>as accurately as possible<\/strong>.\t\t\t\t\t\r\n\t\t\t\t<\/p>\r\n\t\t\t\t<div class=\"form-group\">\r\n\r\n\t\t\t\t\t<div class=\"col-md-6\">\r\n\t\t\t\t\t\t<label class=\"col-form-label\" for=\"contact-nom\">Name *<\/label>\r\n\t\t\t\t\t\t<input type=\"text\" id=\"contact-nom\" name=\"nom\" class=\"form-control\" value=\"\" required>\r\n\t\t\t\t\t\t<span class=\"help-block\"><\/span>\r\n\t\t\t\t\t<\/div>\r\n\r\n\t\t\t\t\t<div class=\"col-md-6\">\r\n\t\t\t\t\t\t<label class=\"col-form-label\" for=\"contact-prenom\">First name *<\/label>\r\n\t\t\t\t\t\t<input type=\"text\" id=\"contact-prenom\" name=\"prenom\" class=\"form-control\" value=\"\" required>\r\n\t\t\t\t\t\t<span class=\"help-block\"><\/span>\r\n\t\t\t\t\t<\/div>\r\n\r\n\t\t\t\t<\/div>\r\n\t\t\t\t<div class=\"form-group\">\r\n\r\n\t\t\t\t\t<div class=\"col-md-6\">\r\n\t\t\t\t\t\t<label class=\"col-form-label\" for=\"contact-email\">E-mail *<\/label>\r\n\t\t\t\t\t\t<input type=\"email\" name=\"email\" id=\"contact-email\" class=\"form-control\" value=\"\" required>\r\n\t\t\t\t\t\t<span class=\"help-block\"><\/span>\r\n\t\t\t\t\t<\/div>\r\n\r\n\t\t\t\t\t<div class=\"col-md-6\">\r\n\t\t\t\t\t\t<label class=\"col-form-label\" for=\"contact-tel\">Telephone<\/label>\r\n\t\t\t\t\t\t<input type=\"tel\" name=\"tel\" id=\"contact-tel\" class=\"form-control\" value=\"\">\r\n\t\t\t\t\t\t<span class=\"help-block\"><\/span>\r\n\t\t\t\t\t<\/div>\r\n\r\n\t\t\t\t<\/div>\r\n\t\t\t\t<div class=\"form-group\">\r\n\r\n\t\t\t\t\t<div class=\"col-sm-6\">\r\n\t\t\t\t\t\t<label class=\"col-form-label\" for=\"contact-cp\">Postcode<\/label>\r\n\t\t\t\t\t\t<input type=\"text\" name=\"cp\" id=\"contact-cp\" class=\"form-control\" value=\"\">\r\n\t\t\t\t\t\t<span class=\"help-block\"><\/span>\r\n\t\t\t\t\t<\/div>\r\n\r\n\t\t\t\t\t<div class=\"col-sm-6\">\r\n\t\t\t\t\t\t<label class=\"col-form-label\" for=\"contact-ville\">City<\/label>\r\n\t\t\t\t\t\t<input type=\"text\" name=\"ville\" id=\"contact-ville\" class=\"form-control\" value=\"\">\r\n\t\t\t\t\t\t<span class=\"help-block\"><\/span>\r\n\t\t\t\t\t<\/div>\r\n\r\n\t\t\t\t<\/div>\r\n\t\t\t\t<div class=\"form-group\">\r\n\t\t\t\t\t<div class=\"col-xs-12\">\r\n\t\t\t\t\t\t<label class=\"col-form-label\" for=\"contact-adresse\">Address<\/label>\r\n\t\t\t\t\t\t<input type=\"text\" name=\"adresse\" id=\"contact-adresse\" class=\"form-control\" value=\"\">\r\n\t\t\t\t\t\t<span class=\"help-block\"><\/span>\r\n\t\t\t\t\t<\/div>\r\n\t\t\t\t<\/div>\r\n\t\t\t\t<div class=\"form-group\">\r\n\t\t\t\t\t<div class=\"col-xs-12\">\r\n\t\t\t\t\t\t<label class=\"col-form-label\" for=\"contact-msg\">Specify your request *<\/label>\r\n\t\t\t\t\t\t<textarea name=\"msg\" id=\"contact-msg\" class=\"form-control\" rows=\"3\" required><\/textarea>\r\n\t\t\t\t\t\t<span class=\"help-block\"><\/span>\r\n\t\t\t\t\t<\/div>\r\n\t\t\t\t<\/div>\r\n\r\n\t\t\t\t<div class=\"d-flex flex-wrap\" required>\r\n\t\t\t\t\t<div class=\"col-xs-12\">\r\n\t\t\t\t\t\t<input type=\"checkbox\" class=\"form-check-input\" id=\"contact-rgpd\" name=\"rgpd\">\r\n\t\t\t\t\t\t<label class=\"col-form-label pt-0\" for=\"contact-rgpd\">\r\n\t\t\t\t\t\t\tBy submitting this form, I agree to the use of the information provided. <br>to request access, modification or deletion of my personal data *.\r\n\t\t\t\t\t\t<\/label>\r\n\t\t\t\t\t\t<span class=\"help-block\"><\/span>\r\n\t\t\t\t\t<\/div>\r\n\t\t\t\t<\/div>\r\n\r\n\t\t\t\t<div class=\"text-center\">\r\n\t\t\t\t\t<input type=\"text\" class=\"csev hidden\" name=\"csev\" value=\"\">\r\n\t\t\t\t\t<input type=\"hidden\" name=\"nonce\" value=\"f583392b95\">\r\n\t\t\t\t\t<button type=\"submit\" name=\"submit\" class=\"btn btn-default\">Send<\/button>\r\n\t\t\t\t<\/div>\r\n\r\n\t\t\t\t<p><small>*Mandatory field<\/small><\/p>\r\n\t\t\t<input type=\"hidden\" name=\"trp-form-language\" value=\"en\"\/><\/form>","protected":false},"excerpt":{"rendered":"","protected":false},"author":1,"featured_media":0,"parent":0,"menu_order":0,"comment_status":"closed","ping_status":"closed","template":"","meta":{"footnotes":""},"class_list":["post-915","page","type-page","status-publish","hentry"],"yoast_head":"<!-- This site is optimized with the Yoast SEO plugin v27.5 - https:\/\/yoast.com\/product\/yoast-seo-wordpress\/ -->\n<title>Demande d&#039;acc\u00e8s aux donn\u00e9es personnelles - Camping Puy du Fou Vend\u00e9e<\/title>\n<meta name=\"robots\" content=\"index, follow, max-snippet:-1, max-image-preview:large, max-video-preview:-1\" \/>\n<link rel=\"canonical\" href=\"https:\/\/www.campingdeletangdupuy.com\/en\/request-for-access-to-personal-data\/\" \/>\n<meta property=\"og:locale\" content=\"en_GB\" \/>\n<meta property=\"og:type\" content=\"article\" \/>\n<meta property=\"og:title\" content=\"Demande d&#039;acc\u00e8s aux donn\u00e9es personnelles - Camping Puy du Fou Vend\u00e9e\" \/>\n<meta property=\"og:url\" content=\"https:\/\/www.campingdeletangdupuy.com\/en\/request-for-access-to-personal-data\/\" \/>\n<meta property=\"og:site_name\" content=\"Camping Puy du Fou Vend\u00e9e\" \/>\n<meta property=\"article:publisher\" content=\"http:\/\/www.facebook.com\/pages\/Camping-de-l%c3%a9tang-du-Puy\/104488892969789\" \/>\n<meta property=\"article:modified_time\" content=\"2019-08-28T22:50:13+00:00\" \/>\n<meta name=\"twitter:card\" content=\"summary_large_image\" \/>\n<script type=\"application\/ld+json\" class=\"yoast-schema-graph\">{\"@context\":\"https:\\\/\\\/schema.org\",\"@graph\":[{\"@type\":\"WebPage\",\"@id\":\"https:\\\/\\\/www.campingdeletangdupuy.com\\\/demande-dacces-aux-donnees-personnelles\\\/\",\"url\":\"https:\\\/\\\/www.campingdeletangdupuy.com\\\/demande-dacces-aux-donnees-personnelles\\\/\",\"name\":\"Demande d'acc\u00e8s aux donn\u00e9es personnelles - Camping Puy du Fou Vend\u00e9e\",\"isPartOf\":{\"@id\":\"https:\\\/\\\/www.campingdeletangdupuy.com\\\/#website\"},\"datePublished\":\"2019-08-28T22:50:02+00:00\",\"dateModified\":\"2019-08-28T22:50:13+00:00\",\"breadcrumb\":{\"@id\":\"https:\\\/\\\/www.campingdeletangdupuy.com\\\/demande-dacces-aux-donnees-personnelles\\\/#breadcrumb\"},\"inLanguage\":\"en-GB\",\"potentialAction\":[{\"@type\":\"ReadAction\",\"target\":[\"https:\\\/\\\/www.campingdeletangdupuy.com\\\/demande-dacces-aux-donnees-personnelles\\\/\"]}]},{\"@type\":\"BreadcrumbList\",\"@id\":\"https:\\\/\\\/www.campingdeletangdupuy.com\\\/demande-dacces-aux-donnees-personnelles\\\/#breadcrumb\",\"itemListElement\":[{\"@type\":\"ListItem\",\"position\":1,\"name\":\"Accueil\",\"item\":\"https:\\\/\\\/www.campingdeletangdupuy.com\\\/\"},{\"@type\":\"ListItem\",\"position\":2,\"name\":\"Demande d&rsquo;acc\u00e8s aux donn\u00e9es personnelles\"}]},{\"@type\":\"WebSite\",\"@id\":\"https:\\\/\\\/www.campingdeletangdupuy.com\\\/#website\",\"url\":\"https:\\\/\\\/www.campingdeletangdupuy.com\\\/\",\"name\":\"Camping Puy du Fou Vend\u00e9e\",\"description\":\"\",\"publisher\":{\"@id\":\"https:\\\/\\\/www.campingdeletangdupuy.com\\\/#organization\"},\"potentialAction\":[{\"@type\":\"SearchAction\",\"target\":{\"@type\":\"EntryPoint\",\"urlTemplate\":\"https:\\\/\\\/www.campingdeletangdupuy.com\\\/?s={search_term_string}\"},\"query-input\":{\"@type\":\"PropertyValueSpecification\",\"valueRequired\":true,\"valueName\":\"search_term_string\"}}],\"inLanguage\":\"en-GB\"},{\"@type\":\"Organization\",\"@id\":\"https:\\\/\\\/www.campingdeletangdupuy.com\\\/#organization\",\"name\":\"Campind l'\u00c9tang du Puy\",\"url\":\"https:\\\/\\\/www.campingdeletangdupuy.com\\\/\",\"logo\":{\"@type\":\"ImageObject\",\"inLanguage\":\"en-GB\",\"@id\":\"https:\\\/\\\/www.campingdeletangdupuy.com\\\/#\\\/schema\\\/logo\\\/image\\\/\",\"url\":\"https:\\\/\\\/www.campingdeletangdupuy.com\\\/wp-content\\\/uploads\\\/2017\\\/02\\\/logo.png\",\"contentUrl\":\"https:\\\/\\\/www.campingdeletangdupuy.com\\\/wp-content\\\/uploads\\\/2017\\\/02\\\/logo.png\",\"width\":340,\"height\":143,\"caption\":\"Campind l'\u00c9tang du Puy\"},\"image\":{\"@id\":\"https:\\\/\\\/www.campingdeletangdupuy.com\\\/#\\\/schema\\\/logo\\\/image\\\/\"},\"sameAs\":[\"http:\\\/\\\/www.facebook.com\\\/pages\\\/Camping-de-l\u00e9tang-du-Puy\\\/104488892969789\"]}]}<\/script>\n<!-- \/ Yoast SEO plugin. -->","yoast_head_json":{"title":"Request for access to personal data - Camping Puy du Fou Vend\u00e9e","robots":{"index":"index","follow":"follow","max-snippet":"max-snippet:-1","max-image-preview":"max-image-preview:large","max-video-preview":"max-video-preview:-1"},"canonical":"https:\/\/www.campingdeletangdupuy.com\/en\/request-for-access-to-personal-data\/","og_locale":"en_GB","og_type":"article","og_title":"Demande d'acc\u00e8s aux donn\u00e9es personnelles - Camping Puy du Fou Vend\u00e9e","og_url":"https:\/\/www.campingdeletangdupuy.com\/en\/request-for-access-to-personal-data\/","og_site_name":"Camping Puy du Fou Vend\u00e9e","article_publisher":"http:\/\/www.facebook.com\/pages\/Camping-de-l%c3%a9tang-du-Puy\/104488892969789","article_modified_time":"2019-08-28T22:50:13+00:00","twitter_card":"summary_large_image","schema":{"@context":"https:\/\/schema.org","@graph":[{"@type":"WebPage","@id":"https:\/\/www.campingdeletangdupuy.com\/demande-dacces-aux-donnees-personnelles\/","url":"https:\/\/www.campingdeletangdupuy.com\/demande-dacces-aux-donnees-personnelles\/","name":"Request for access to personal data - Camping Puy du Fou Vend\u00e9e","isPartOf":{"@id":"https:\/\/www.campingdeletangdupuy.com\/#website"},"datePublished":"2019-08-28T22:50:02+00:00","dateModified":"2019-08-28T22:50:13+00:00","breadcrumb":{"@id":"https:\/\/www.campingdeletangdupuy.com\/demande-dacces-aux-donnees-personnelles\/#breadcrumb"},"inLanguage":"en-GB","potentialAction":[{"@type":"ReadAction","target":["https:\/\/www.campingdeletangdupuy.com\/demande-dacces-aux-donnees-personnelles\/"]}]},{"@type":"BreadcrumbList","@id":"https:\/\/www.campingdeletangdupuy.com\/demande-dacces-aux-donnees-personnelles\/#breadcrumb","itemListElement":[{"@type":"ListItem","position":1,"name":"Accueil","item":"https:\/\/www.campingdeletangdupuy.com\/"},{"@type":"ListItem","position":2,"name":"Demande d&rsquo;acc\u00e8s aux donn\u00e9es personnelles"}]},{"@type":"WebSite","@id":"https:\/\/www.campingdeletangdupuy.com\/#website","url":"https:\/\/www.campingdeletangdupuy.com\/","name":"Campsite Puy du Fou Vend\u00e9e","description":"","publisher":{"@id":"https:\/\/www.campingdeletangdupuy.com\/#organization"},"potentialAction":[{"@type":"SearchAction","target":{"@type":"EntryPoint","urlTemplate":"https:\/\/www.campingdeletangdupuy.com\/?s={search_term_string}"},"query-input":{"@type":"PropertyValueSpecification","valueRequired":true,"valueName":"search_term_string"}}],"inLanguage":"en-GB"},{"@type":"Organization","@id":"https:\/\/www.campingdeletangdupuy.com\/#organization","name":"Campind l'\u00c9tang du Puy","url":"https:\/\/www.campingdeletangdupuy.com\/","logo":{"@type":"ImageObject","inLanguage":"en-GB","@id":"https:\/\/www.campingdeletangdupuy.com\/#\/schema\/logo\/image\/","url":"https:\/\/www.campingdeletangdupuy.com\/wp-content\/uploads\/2017\/02\/logo.png","contentUrl":"https:\/\/www.campingdeletangdupuy.com\/wp-content\/uploads\/2017\/02\/logo.png","width":340,"height":143,"caption":"Campind l'\u00c9tang du Puy"},"image":{"@id":"https:\/\/www.campingdeletangdupuy.com\/#\/schema\/logo\/image\/"},"sameAs":["http:\/\/www.facebook.com\/pages\/Camping-de-l\u00e9tang-du-Puy\/104488892969789"]}]}},"_links":{"self":[{"href":"https:\/\/www.campingdeletangdupuy.com\/en\/wp-json\/wp\/v2\/pages\/915","targetHints":{"allow":["GET"]}}],"collection":[{"href":"https:\/\/www.campingdeletangdupuy.com\/en\/wp-json\/wp\/v2\/pages"}],"about":[{"href":"https:\/\/www.campingdeletangdupuy.com\/en\/wp-json\/wp\/v2\/types\/page"}],"author":[{"embeddable":true,"href":"https:\/\/www.campingdeletangdupuy.com\/en\/wp-json\/wp\/v2\/users\/1"}],"replies":[{"embeddable":true,"href":"https:\/\/www.campingdeletangdupuy.com\/en\/wp-json\/wp\/v2\/comments?post=915"}],"version-history":[{"count":2,"href":"https:\/\/www.campingdeletangdupuy.com\/en\/wp-json\/wp\/v2\/pages\/915\/revisions"}],"predecessor-version":[{"id":917,"href":"https:\/\/www.campingdeletangdupuy.com\/en\/wp-json\/wp\/v2\/pages\/915\/revisions\/917"}],"wp:attachment":[{"href":"https:\/\/www.campingdeletangdupuy.com\/en\/wp-json\/wp\/v2\/media?parent=915"}],"curies":[{"name":"wp","href":"https:\/\/api.w.org\/{rel}","templated":true}]}}