{"id":13,"date":"2017-02-08T14:41:00","date_gmt":"2017-02-08T13:41:00","guid":{"rendered":"https:\/\/www.campingdeletangdupuy.com\/?page_id=13"},"modified":"2025-02-14T10:00:53","modified_gmt":"2025-02-14T09:00:53","slug":"the-campsite","status":"publish","type":"page","link":"https:\/\/www.campingdeletangdupuy.com\/en\/le-camping\/","title":{"rendered":"Campsite services near Puy du Fou"},"content":{"rendered":"<div class=\"wp-block-columns is-layout-flex wp-container-core-columns-is-layout-9d6595d7 wp-block-columns-is-layout-flex\">\n<div class=\"wp-block-column is-layout-flow wp-block-column-is-layout-flow\">\t\t\t<div id=\"sevgallery-2001661847\" class=\"carousel slide\" data-ride=\"carousel\">\r\n\t\t\t\t<!-- Indicators -->\r\n\t\t\t\t<ol class=\"carousel-indicators\">\r\n\t\t\t\t\t\t\t\t\t\t\t\t\t\t\t\t\t<li data-target=\"#sevgallery-2001661847\" data-slide-to=\"0\" class=\"active\"><\/li>\r\n\t\t\t\t\t\t\t\t\t\t\t\t\t\t\t\t\t<li data-target=\"#sevgallery-2001661847\" data-slide-to=\"1\"><\/li>\r\n\t\t\t\t\t\t\t\t\t\t\t\t\t\t\t\t\t<li data-target=\"#sevgallery-2001661847\" data-slide-to=\"2\"><\/li>\r\n\t\t\t\t\t\t\t\t\t\t\t\t\t\t\t\t\t<li data-target=\"#sevgallery-2001661847\" data-slide-to=\"3\"><\/li>\r\n\t\t\t\t\t\t\t\t\t\t\t\t\t\t\t\t\t<li data-target=\"#sevgallery-2001661847\" data-slide-to=\"4\"><\/li>\r\n\t\t\t\t\t\t\t\t\t\t\t\t\t\t\t\t\t<li data-target=\"#sevgallery-2001661847\" data-slide-to=\"5\"><\/li>\r\n\t\t\t\t\t\t\t\t\t\t\t\t\t\t\t\t\t<li data-target=\"#sevgallery-2001661847\" data-slide-to=\"6\"><\/li>\r\n\t\t\t\t\t\t\t\t\t\t\t\t\t\t\t\t\t<li data-target=\"#sevgallery-2001661847\" data-slide-to=\"7\"><\/li>\r\n\t\t\t\t\t\t\t\t\t\t\t\t\t\t\t\t\t<li data-target=\"#sevgallery-2001661847\" data-slide-to=\"8\"><\/li>\r\n\t\t\t\t\t\t\t\t\t\t\t\t\t\t\t\t\t<li data-target=\"#sevgallery-2001661847\" data-slide-to=\"9\"><\/li>\r\n\t\t\t\t\t\t\t\t\t\t\t\t\t\t\t\t\t<li data-target=\"#sevgallery-2001661847\" data-slide-to=\"10\"><\/li>\r\n\t\t\t\t\t\t\t\t\t\t\t\t\t\t\t\t\t<li data-target=\"#sevgallery-2001661847\" data-slide-to=\"11\"><\/li>\r\n\t\t\t\t\t\t\t\t\t<\/ol>\r\n\r\n\t\t\t\t<!-- Wrapper for slides -->\r\n\t\t\t\t<div class=\"carousel-inner\" role=\"listbox\">\r\n\t\t\t\t\t\t\t\t\t\t\t\t\t\t\t\t\t\t\t\t\t\t\t\t\t\t\t\t\t<div class=\"item active\">\r\n\t\t\t\t\t\t\t<a href=\"https:\/\/www.campingdeletangdupuy.com\/wp-content\/uploads\/2017\/02\/entree-camping-vendee-1.jpg\" data-lightbox=\"sevgallery-2001661847\" data-title=\"\" title=\"Enlarge\">\r\n\t\t\t\t\t\t\t\t<img decoding=\"async\" src=\"https:\/\/www.campingdeletangdupuy.com\/wp-content\/uploads\/2017\/02\/entree-camping-vendee-1.jpg\" alt=\"\" desc=\"\">\r\n\t\t\t\t\t\t\t\t<div class=\"carousel-caption\">\r\n\t\t\t\t\t\t\t\t\t\t\t\t\t\t\t\t\t<\/div>\r\n\t\t\t\t\t\t\t<\/a>\r\n\t\t\t\t\t\t<\/div>\r\n\t\t\t\t\t\t\t\t\t\t\t\t\t\t\t\t\t\t\t\t\t\t\t\t\t\t\t\t\t<div class=\"item\">\r\n\t\t\t\t\t\t\t<a href=\"https:\/\/www.campingdeletangdupuy.com\/wp-content\/uploads\/2025\/05\/20250526_102200-1920x1080.jpg\" data-lightbox=\"sevgallery-2001661847\" data-title=\"\" title=\"Enlarge\">\r\n\t\t\t\t\t\t\t\t<img decoding=\"async\" src=\"https:\/\/www.campingdeletangdupuy.com\/wp-content\/uploads\/2025\/05\/20250526_102200-1024x461.jpg\" alt=\"\" desc=\"\">\r\n\t\t\t\t\t\t\t\t<div class=\"carousel-caption\">\r\n\t\t\t\t\t\t\t\t\t\t\t\t\t\t\t\t\t<\/div>\r\n\t\t\t\t\t\t\t<\/a>\r\n\t\t\t\t\t\t<\/div>\r\n\t\t\t\t\t\t\t\t\t\t\t\t\t\t\t\t\t\t\t\t\t\t\t\t\t\t\t\t\t<div class=\"item\">\r\n\t\t\t\t\t\t\t<a href=\"https:\/\/www.campingdeletangdupuy.com\/wp-content\/uploads\/2018\/10\/IMG_20180902_112306-1920x1080.jpg\" data-lightbox=\"sevgallery-2001661847\" data-title=\"\" title=\"Enlarge\">\r\n\t\t\t\t\t\t\t\t<img decoding=\"async\" src=\"https:\/\/www.campingdeletangdupuy.com\/wp-content\/uploads\/2018\/10\/IMG_20180902_112306-1024x768.jpg\" alt=\"\" desc=\"\">\r\n\t\t\t\t\t\t\t\t<div class=\"carousel-caption\">\r\n\t\t\t\t\t\t\t\t\t\t\t\t\t\t\t\t\t<\/div>\r\n\t\t\t\t\t\t\t<\/a>\r\n\t\t\t\t\t\t<\/div>\r\n\t\t\t\t\t\t\t\t\t\t\t\t\t\t\t\t\t\t\t\t\t\t\t\t\t\t\t\t\t<div class=\"item\">\r\n\t\t\t\t\t\t\t<a href=\"https:\/\/www.campingdeletangdupuy.com\/wp-content\/uploads\/2025\/05\/20250423_184114-1.jpg\" data-lightbox=\"sevgallery-2001661847\" data-title=\"\" title=\"Enlarge\">\r\n\t\t\t\t\t\t\t\t<img decoding=\"async\" src=\"https:\/\/www.campingdeletangdupuy.com\/wp-content\/uploads\/2025\/05\/20250423_184114-1-1024x461.jpg\" alt=\"\" desc=\"\">\r\n\t\t\t\t\t\t\t\t<div class=\"carousel-caption\">\r\n\t\t\t\t\t\t\t\t\t\t\t\t\t\t\t\t\t<\/div>\r\n\t\t\t\t\t\t\t<\/a>\r\n\t\t\t\t\t\t<\/div>\r\n\t\t\t\t\t\t\t\t\t\t\t\t\t\t\t\t\t\t\t\t\t\t\t\t\t\t\t\t\t<div class=\"item\">\r\n\t\t\t\t\t\t\t<a href=\"https:\/\/www.campingdeletangdupuy.com\/wp-content\/uploads\/2025\/05\/20250517_171948-1.jpg\" data-lightbox=\"sevgallery-2001661847\" data-title=\"\" title=\"Enlarge\">\r\n\t\t\t\t\t\t\t\t<img decoding=\"async\" src=\"https:\/\/www.campingdeletangdupuy.com\/wp-content\/uploads\/2025\/05\/20250517_171948-1-1024x461.jpg\" alt=\"\" desc=\"\">\r\n\t\t\t\t\t\t\t\t<div class=\"carousel-caption\">\r\n\t\t\t\t\t\t\t\t\t\t\t\t\t\t\t\t\t<\/div>\r\n\t\t\t\t\t\t\t<\/a>\r\n\t\t\t\t\t\t<\/div>\r\n\t\t\t\t\t\t\t\t\t\t\t\t\t\t\t\t\t\t\t\t\t\t\t\t\t\t\t\t\t<div class=\"item\">\r\n\t\t\t\t\t\t\t<a href=\"https:\/\/www.campingdeletangdupuy.com\/wp-content\/uploads\/2025\/05\/IMG-20240622-WA0002-1.jpg\" data-lightbox=\"sevgallery-2001661847\" data-title=\"\" title=\"Enlarge\">\r\n\t\t\t\t\t\t\t\t<img decoding=\"async\" src=\"https:\/\/www.campingdeletangdupuy.com\/wp-content\/uploads\/2025\/05\/IMG-20240622-WA0002-1-1024x461.jpg\" alt=\"\" desc=\"\">\r\n\t\t\t\t\t\t\t\t<div class=\"carousel-caption\">\r\n\t\t\t\t\t\t\t\t\t\t\t\t\t\t\t\t\t<\/div>\r\n\t\t\t\t\t\t\t<\/a>\r\n\t\t\t\t\t\t<\/div>\r\n\t\t\t\t\t\t\t\t\t\t\t\t\t\t\t\t\t\t\t\t\t\t\t\t\t\t\t\t\t<div class=\"item\">\r\n\t\t\t\t\t\t\t<a href=\"https:\/\/www.campingdeletangdupuy.com\/wp-content\/uploads\/2018\/10\/IMG_20180524_123753-1920x1080.jpg\" data-lightbox=\"sevgallery-2001661847\" data-title=\"\" title=\"Enlarge\">\r\n\t\t\t\t\t\t\t\t<img decoding=\"async\" src=\"https:\/\/www.campingdeletangdupuy.com\/wp-content\/uploads\/2018\/10\/IMG_20180524_123753-1024x768.jpg\" alt=\"\" desc=\"\">\r\n\t\t\t\t\t\t\t\t<div class=\"carousel-caption\">\r\n\t\t\t\t\t\t\t\t\t\t\t\t\t\t\t\t\t<\/div>\r\n\t\t\t\t\t\t\t<\/a>\r\n\t\t\t\t\t\t<\/div>\r\n\t\t\t\t\t\t\t\t\t\t\t\t\t\t\t\t\t\t\t\t\t\t\t\t\t\t\t\t\t<div class=\"item\">\r\n\t\t\t\t\t\t\t<a href=\"https:\/\/www.campingdeletangdupuy.com\/wp-content\/uploads\/2025\/05\/20241004_183050-1920x1080.jpg\" data-lightbox=\"sevgallery-2001661847\" data-title=\"\" title=\"Enlarge\">\r\n\t\t\t\t\t\t\t\t<img decoding=\"async\" src=\"https:\/\/www.campingdeletangdupuy.com\/wp-content\/uploads\/2025\/05\/20241004_183050-1024x461.jpg\" alt=\"\" desc=\"\">\r\n\t\t\t\t\t\t\t\t<div class=\"carousel-caption\">\r\n\t\t\t\t\t\t\t\t\t\t\t\t\t\t\t\t\t<\/div>\r\n\t\t\t\t\t\t\t<\/a>\r\n\t\t\t\t\t\t<\/div>\r\n\t\t\t\t\t\t\t\t\t\t\t\t\t\t\t\t\t\t\t\t\t\t\t\t\t\t\t\t\t<div class=\"item\">\r\n\t\t\t\t\t\t\t<a href=\"https:\/\/www.campingdeletangdupuy.com\/wp-content\/uploads\/2025\/05\/20240430_192514-1920x1080.jpg\" data-lightbox=\"sevgallery-2001661847\" data-title=\"\" title=\"Enlarge\">\r\n\t\t\t\t\t\t\t\t<img decoding=\"async\" src=\"https:\/\/www.campingdeletangdupuy.com\/wp-content\/uploads\/2025\/05\/20240430_192514-1024x461.jpg\" alt=\"\" desc=\"\">\r\n\t\t\t\t\t\t\t\t<div class=\"carousel-caption\">\r\n\t\t\t\t\t\t\t\t\t\t\t\t\t\t\t\t\t<\/div>\r\n\t\t\t\t\t\t\t<\/a>\r\n\t\t\t\t\t\t<\/div>\r\n\t\t\t\t\t\t\t\t\t\t\t\t\t\t\t\t\t\t\t\t\t\t\t\t\t\t\t\t\t<div class=\"item\">\r\n\t\t\t\t\t\t\t<a href=\"https:\/\/www.campingdeletangdupuy.com\/wp-content\/uploads\/2025\/05\/20240627_163304-1920x1080.jpg\" data-lightbox=\"sevgallery-2001661847\" data-title=\"\" title=\"Enlarge\">\r\n\t\t\t\t\t\t\t\t<img decoding=\"async\" src=\"https:\/\/www.campingdeletangdupuy.com\/wp-content\/uploads\/2025\/05\/20240627_163304-1024x461.jpg\" alt=\"\" desc=\"\">\r\n\t\t\t\t\t\t\t\t<div class=\"carousel-caption\">\r\n\t\t\t\t\t\t\t\t\t\t\t\t\t\t\t\t\t<\/div>\r\n\t\t\t\t\t\t\t<\/a>\r\n\t\t\t\t\t\t<\/div>\r\n\t\t\t\t\t\t\t\t\t\t\t\t\t\t\t\t\t\t\t\t\t\t\t\t\t\t\t\t\t<div class=\"item\">\r\n\t\t\t\t\t\t\t<a href=\"https:\/\/www.campingdeletangdupuy.com\/wp-content\/uploads\/2025\/05\/20250502_130031-1920x1080.jpg\" data-lightbox=\"sevgallery-2001661847\" data-title=\"\" title=\"Enlarge\">\r\n\t\t\t\t\t\t\t\t<img decoding=\"async\" src=\"https:\/\/www.campingdeletangdupuy.com\/wp-content\/uploads\/2025\/05\/20250502_130031-1024x552.jpg\" alt=\"\" desc=\"\">\r\n\t\t\t\t\t\t\t\t<div class=\"carousel-caption\">\r\n\t\t\t\t\t\t\t\t\t\t\t\t\t\t\t\t\t<\/div>\r\n\t\t\t\t\t\t\t<\/a>\r\n\t\t\t\t\t\t<\/div>\r\n\t\t\t\t\t\t\t\t\t\t\t\t\t\t\t\t\t\t\t\t\t\t\t\t\t\t\t\t\t<div class=\"item\">\r\n\t\t\t\t\t\t\t<a href=\"https:\/\/www.campingdeletangdupuy.com\/wp-content\/uploads\/2025\/05\/IMG_20190822_171146-1920x1080.jpg\" data-lightbox=\"sevgallery-2001661847\" data-title=\"\" title=\"Enlarge\">\r\n\t\t\t\t\t\t\t\t<img decoding=\"async\" src=\"https:\/\/www.campingdeletangdupuy.com\/wp-content\/uploads\/2025\/05\/IMG_20190822_171146-1024x768.jpg\" alt=\"\" desc=\"\">\r\n\t\t\t\t\t\t\t\t<div class=\"carousel-caption\">\r\n\t\t\t\t\t\t\t\t\t\t\t\t\t\t\t\t\t<\/div>\r\n\t\t\t\t\t\t\t<\/a>\r\n\t\t\t\t\t\t<\/div>\r\n\t\t\t\t\t\t\t\t\t<\/div>\r\n\r\n\t\t\t\t<!-- Controls -->\r\n\t\t\t\t<a class=\"left carousel-control\" href=\"#sevgallery-2001661847\" role=\"button\" data-slide=\"prev\">\r\n\t\t\t\t\t<span class=\"glyphicon glyphicon-chevron-left\" aria-hidden=\"true\"><\/span>\r\n\t\t\t\t\t<span class=\"sr-only\">Previous<\/span>\r\n\t\t\t\t<\/a>\r\n\t\t\t\t<a class=\"right carousel-control\" href=\"#sevgallery-2001661847\" role=\"button\" data-slide=\"next\">\r\n\t\t\t\t\t<span class=\"glyphicon glyphicon-chevron-right\" aria-hidden=\"true\"><\/span>\r\n\t\t\t\t\t<span class=\"sr-only\">Next<\/span>\r\n\t\t\t\t<\/a>\r\n\t\t\t\t\r\n\t\t\t\t<span class=\"glyphicon glyphicon-fullscreen\" data-toggle=\"tooltip\" data-title=\"Cliquer sur la photo pour l'agrandir\" data-placement=\"left\"><\/span>\r\n\r\n\t\t\t\t<script>\r\n\t\t\t\tjQuery(function($) {\r\n\r\n\t\t\t\t    var carousel = $('#sevgallery-2001661847');\r\n\t\t\t\t    var imgFirst = carousel.find('.carousel-inner > .item:first-child img');\r\n\r\n\t\t\t\t    carousel.height( 'auto' );\r\n\r\n\t\t\t\t    $( imgFirst ).load(function($) {\r\n\r\n\t\t\t\t        var heightFirst = imgFirst.height();\r\n\r\n\t\t\t\t        carousel.height( heightFirst );\r\n\t\t\t\t        carousel.find('.item img').css( 'max-height', heightFirst + 'px' );\r\n\t\t\t\t    });\r\n\t\t\t\t});\r\n\t\t\t\t<\/script>\r\n\r\n\r\n\t\t\t<\/div>\r\n\r\n\t\t\t\r\n\t\t\n<\/div>\n\n\n\n<div class=\"wp-block-column is-layout-flow wp-block-column-is-layout-flow\">\n<p><span style=\"font-size: 12pt;\">Camping made easy.<br \/>With us, there's no deposit for accommodation - you can rely on us!<br \/>We'll lend you a baby chair, booster seat, cot, gas lighter, shower gel and anything else you forgot to bring, as far as we can.<\/span><\/p>\n<p>We are committed to sustainable development and have a number of initiatives in place at our campsite: LED light bulbs in accommodation and communal areas, motion detectors, a compost bin for food waste, a recycling bin (in the Vend\u00e9e, EVERYTHING can be recycled), aerators in showers and washbasins, mulshing mowing, and priority given to watering plantations with water from the pond.<\/p>\n<h2>Our services:<\/h2>\n<ul>\n<li>Bar\/snack bar (July and August): Cold drinks, pizzas, paninis, chips, ice creams (snack only in the evening, until 9pm)<\/li>\n<li>Convenience store and ice packs<\/li>\n<li>Sanitary facilities (showers, toilets, washbasins, sinks, private cubicle for people with reduced mobility)<\/li>\n<li>Loan of cot (subject to availability), booster seat, changing table with bathtub<\/li>\n<li>Washing machine (\u20ac5) - Tumble dryer (\u20ac3)<\/li>\n<li>Bread depot (<em>to be booked the day before<\/em>)<\/li>\n<li>Breakfast menu: \u20ac8 (hot drink, orange juice, bread, pastries, jam, butter, honey)<\/li>\n<li>Tourist information and <strong>Wifi<\/strong> free at reception<\/li>\n<li>Loan of board games, rackets, outdoor table tennis table<\/li>\n<li>Fishing pond on site (free for guests, equipment not provided)<\/li>\n<li>Footpaths at the exit of the campsite, Jarries woods<\/li>\n<\/ul>\n<p>PAYMENT: Credit card, cheques, holiday vouchers, cash.<\/p>\n<blockquote>\n<p style=\"text-align: left;\"><strong> 1.5 km away, Village des Epesses<\/strong> bakery, bank, Intermarch\u00e9 supermarket, local swimming pool, tobacconist, newsagent, chemist, doctor.<br \/><strong>10 km away, town of Les Herbiers<\/strong> hypermarkets, cinema, indoor\/outdoor swimming pool with slide, bowling alley.<br \/>-----------------------<\/p>\n<ul>\n<li>Cars are not allowed on the pitches for reasons of safety and visual and acoustic comfort. However, we do keep a few specific pitches for converted vans\/caravans or people who resolutely wish to keep their car close to them.<\/li>\n<li><strong>It is not possible to arrive in the morning<\/strong>. If you're spending the day at the Puy du Fou, you can leave the park at any time to relax and enjoy the night-time show.<\/li>\n<li><strong>We do not have an emptying area for caravans and motor homes.<\/strong>.<\/li>\n<\/ul>\n<\/blockquote>\n<p>\u00a0<\/p>\n<\/div>\n<\/div>","protected":false},"excerpt":{"rendered":"<p>Le camping en toute simplicit\u00e9.Chez nous, pas de caution pour les h\u00e9bergements, on vous fait enti\u00e8re confiance!On vous pr\u00eate chaise b\u00e9b\u00e9, r\u00e9hausseur, lit parapluie, allume-gaz, gel douche et tout ce que vous avez oubli\u00e9 d&rsquo;amener dans la mesure de nos possibilit\u00e9s. Nous privil\u00e9gions le d\u00e9veloppement durable avec diff\u00e9rentes actions au sein de notre camping : [&hellip;]<\/p>\n","protected":false},"author":1,"featured_media":0,"parent":0,"menu_order":0,"comment_status":"closed","ping_status":"closed","template":"","meta":{"footnotes":""},"class_list":["post-13","page","type-page","status-publish","hentry"],"yoast_head":"<!-- This site is optimized with the Yoast SEO plugin v27.5 - https:\/\/yoast.com\/product\/yoast-seo-wordpress\/ -->\n<title>Camping pr\u00e8s du Puy du Fou - L&#039;Etang du Puy en Vend\u00e9e<\/title>\n<meta name=\"description\" content=\"Le camping l&#039;Etang du Puy en Vend\u00e9e pr\u00e8s du Puy du Fou vous propose snack bar \u00e9picerie machine \u00e0 laver d\u00e9p\u00f4t de pain petit d\u00e9jeuner.\" \/>\n<meta name=\"robots\" content=\"index, follow, max-snippet:-1, max-image-preview:large, max-video-preview:-1\" \/>\n<link rel=\"canonical\" href=\"https:\/\/www.campingdeletangdupuy.com\/en\/the-campsite\/\" \/>\n<meta property=\"og:locale\" content=\"en_GB\" \/>\n<meta property=\"og:type\" content=\"article\" \/>\n<meta property=\"og:title\" content=\"Camping pr\u00e8s du Puy du Fou - L&#039;Etang du Puy en Vend\u00e9e\" \/>\n<meta property=\"og:description\" content=\"Le camping l&#039;Etang du Puy en Vend\u00e9e pr\u00e8s du Puy du Fou vous propose snack bar \u00e9picerie machine \u00e0 laver d\u00e9p\u00f4t de pain petit d\u00e9jeuner.\" \/>\n<meta property=\"og:url\" content=\"https:\/\/www.campingdeletangdupuy.com\/en\/the-campsite\/\" \/>\n<meta property=\"og:site_name\" content=\"Camping Puy du Fou Vend\u00e9e\" \/>\n<meta property=\"article:publisher\" content=\"http:\/\/www.facebook.com\/pages\/Camping-de-l%c3%a9tang-du-Puy\/104488892969789\" \/>\n<meta property=\"article:modified_time\" content=\"2025-02-14T09:00:53+00:00\" \/>\n<meta name=\"twitter:card\" content=\"summary_large_image\" \/>\n<meta name=\"twitter:label1\" content=\"Estimated reading time\" \/>\n\t<meta name=\"twitter:data1\" content=\"2 minutes\" \/>\n<script type=\"application\/ld+json\" class=\"yoast-schema-graph\">{\"@context\":\"https:\\\/\\\/schema.org\",\"@graph\":[{\"@type\":\"WebPage\",\"@id\":\"https:\\\/\\\/www.campingdeletangdupuy.com\\\/le-camping\\\/\",\"url\":\"https:\\\/\\\/www.campingdeletangdupuy.com\\\/le-camping\\\/\",\"name\":\"Camping pr\u00e8s du Puy du Fou - L'Etang du Puy en Vend\u00e9e\",\"isPartOf\":{\"@id\":\"https:\\\/\\\/www.campingdeletangdupuy.com\\\/#website\"},\"datePublished\":\"2017-02-08T13:41:00+00:00\",\"dateModified\":\"2025-02-14T09:00:53+00:00\",\"description\":\"Le camping l'Etang du Puy en Vend\u00e9e pr\u00e8s du Puy du Fou vous propose snack bar \u00e9picerie machine \u00e0 laver d\u00e9p\u00f4t de pain petit d\u00e9jeuner.\",\"breadcrumb\":{\"@id\":\"https:\\\/\\\/www.campingdeletangdupuy.com\\\/le-camping\\\/#breadcrumb\"},\"inLanguage\":\"en-GB\",\"potentialAction\":[{\"@type\":\"ReadAction\",\"target\":[\"https:\\\/\\\/www.campingdeletangdupuy.com\\\/le-camping\\\/\"]}]},{\"@type\":\"BreadcrumbList\",\"@id\":\"https:\\\/\\\/www.campingdeletangdupuy.com\\\/le-camping\\\/#breadcrumb\",\"itemListElement\":[{\"@type\":\"ListItem\",\"position\":1,\"name\":\"Accueil\",\"item\":\"https:\\\/\\\/www.campingdeletangdupuy.com\\\/\"},{\"@type\":\"ListItem\",\"position\":2,\"name\":\"Les services du camping pr\u00e8s du Puy du Fou\"}]},{\"@type\":\"WebSite\",\"@id\":\"https:\\\/\\\/www.campingdeletangdupuy.com\\\/#website\",\"url\":\"https:\\\/\\\/www.campingdeletangdupuy.com\\\/\",\"name\":\"Camping Puy du Fou Vend\u00e9e\",\"description\":\"\",\"publisher\":{\"@id\":\"https:\\\/\\\/www.campingdeletangdupuy.com\\\/#organization\"},\"potentialAction\":[{\"@type\":\"SearchAction\",\"target\":{\"@type\":\"EntryPoint\",\"urlTemplate\":\"https:\\\/\\\/www.campingdeletangdupuy.com\\\/?s={search_term_string}\"},\"query-input\":{\"@type\":\"PropertyValueSpecification\",\"valueRequired\":true,\"valueName\":\"search_term_string\"}}],\"inLanguage\":\"en-GB\"},{\"@type\":\"Organization\",\"@id\":\"https:\\\/\\\/www.campingdeletangdupuy.com\\\/#organization\",\"name\":\"Campind l'\u00c9tang du Puy\",\"url\":\"https:\\\/\\\/www.campingdeletangdupuy.com\\\/\",\"logo\":{\"@type\":\"ImageObject\",\"inLanguage\":\"en-GB\",\"@id\":\"https:\\\/\\\/www.campingdeletangdupuy.com\\\/#\\\/schema\\\/logo\\\/image\\\/\",\"url\":\"https:\\\/\\\/www.campingdeletangdupuy.com\\\/wp-content\\\/uploads\\\/2017\\\/02\\\/logo.png\",\"contentUrl\":\"https:\\\/\\\/www.campingdeletangdupuy.com\\\/wp-content\\\/uploads\\\/2017\\\/02\\\/logo.png\",\"width\":340,\"height\":143,\"caption\":\"Campind l'\u00c9tang du Puy\"},\"image\":{\"@id\":\"https:\\\/\\\/www.campingdeletangdupuy.com\\\/#\\\/schema\\\/logo\\\/image\\\/\"},\"sameAs\":[\"http:\\\/\\\/www.facebook.com\\\/pages\\\/Camping-de-l\u00e9tang-du-Puy\\\/104488892969789\"]}]}<\/script>\n<!-- \/ Yoast SEO plugin. -->","yoast_head_json":{"title":"Campsite near Puy du Fou - L'Etang du Puy in Vend\u00e9e","description":"The Etang du Puy campsite in the Vend\u00e9e near the Puy du Fou offers a snack bar, grocery shop, washing machine, bread and breakfast.","robots":{"index":"index","follow":"follow","max-snippet":"max-snippet:-1","max-image-preview":"max-image-preview:large","max-video-preview":"max-video-preview:-1"},"canonical":"https:\/\/www.campingdeletangdupuy.com\/en\/the-campsite\/","og_locale":"en_GB","og_type":"article","og_title":"Camping pr\u00e8s du Puy du Fou - L'Etang du Puy en Vend\u00e9e","og_description":"Le camping l'Etang du Puy en Vend\u00e9e pr\u00e8s du Puy du Fou vous propose snack bar \u00e9picerie machine \u00e0 laver d\u00e9p\u00f4t de pain petit d\u00e9jeuner.","og_url":"https:\/\/www.campingdeletangdupuy.com\/en\/the-campsite\/","og_site_name":"Camping Puy du Fou Vend\u00e9e","article_publisher":"http:\/\/www.facebook.com\/pages\/Camping-de-l%c3%a9tang-du-Puy\/104488892969789","article_modified_time":"2025-02-14T09:00:53+00:00","twitter_card":"summary_large_image","twitter_misc":{"Estimated reading time":"2 minutes"},"schema":{"@context":"https:\/\/schema.org","@graph":[{"@type":"WebPage","@id":"https:\/\/www.campingdeletangdupuy.com\/le-camping\/","url":"https:\/\/www.campingdeletangdupuy.com\/le-camping\/","name":"Campsite near Puy du Fou - L'Etang du Puy in Vend\u00e9e","isPartOf":{"@id":"https:\/\/www.campingdeletangdupuy.com\/#website"},"datePublished":"2017-02-08T13:41:00+00:00","dateModified":"2025-02-14T09:00:53+00:00","description":"The Etang du Puy campsite in the Vend\u00e9e near the Puy du Fou offers a snack bar, grocery shop, washing machine, bread and breakfast.","breadcrumb":{"@id":"https:\/\/www.campingdeletangdupuy.com\/le-camping\/#breadcrumb"},"inLanguage":"en-GB","potentialAction":[{"@type":"ReadAction","target":["https:\/\/www.campingdeletangdupuy.com\/le-camping\/"]}]},{"@type":"BreadcrumbList","@id":"https:\/\/www.campingdeletangdupuy.com\/le-camping\/#breadcrumb","itemListElement":[{"@type":"ListItem","position":1,"name":"Accueil","item":"https:\/\/www.campingdeletangdupuy.com\/"},{"@type":"ListItem","position":2,"name":"Les services du camping pr\u00e8s du Puy du Fou"}]},{"@type":"WebSite","@id":"https:\/\/www.campingdeletangdupuy.com\/#website","url":"https:\/\/www.campingdeletangdupuy.com\/","name":"Campsite Puy du Fou Vend\u00e9e","description":"","publisher":{"@id":"https:\/\/www.campingdeletangdupuy.com\/#organization"},"potentialAction":[{"@type":"SearchAction","target":{"@type":"EntryPoint","urlTemplate":"https:\/\/www.campingdeletangdupuy.com\/?s={search_term_string}"},"query-input":{"@type":"PropertyValueSpecification","valueRequired":true,"valueName":"search_term_string"}}],"inLanguage":"en-GB"},{"@type":"Organization","@id":"https:\/\/www.campingdeletangdupuy.com\/#organization","name":"Campind l'\u00c9tang du Puy","url":"https:\/\/www.campingdeletangdupuy.com\/","logo":{"@type":"ImageObject","inLanguage":"en-GB","@id":"https:\/\/www.campingdeletangdupuy.com\/#\/schema\/logo\/image\/","url":"https:\/\/www.campingdeletangdupuy.com\/wp-content\/uploads\/2017\/02\/logo.png","contentUrl":"https:\/\/www.campingdeletangdupuy.com\/wp-content\/uploads\/2017\/02\/logo.png","width":340,"height":143,"caption":"Campind l'\u00c9tang du Puy"},"image":{"@id":"https:\/\/www.campingdeletangdupuy.com\/#\/schema\/logo\/image\/"},"sameAs":["http:\/\/www.facebook.com\/pages\/Camping-de-l\u00e9tang-du-Puy\/104488892969789"]}]}},"_links":{"self":[{"href":"https:\/\/www.campingdeletangdupuy.com\/en\/wp-json\/wp\/v2\/pages\/13","targetHints":{"allow":["GET"]}}],"collection":[{"href":"https:\/\/www.campingdeletangdupuy.com\/en\/wp-json\/wp\/v2\/pages"}],"about":[{"href":"https:\/\/www.campingdeletangdupuy.com\/en\/wp-json\/wp\/v2\/types\/page"}],"author":[{"embeddable":true,"href":"https:\/\/www.campingdeletangdupuy.com\/en\/wp-json\/wp\/v2\/users\/1"}],"replies":[{"embeddable":true,"href":"https:\/\/www.campingdeletangdupuy.com\/en\/wp-json\/wp\/v2\/comments?post=13"}],"version-history":[{"count":27,"href":"https:\/\/www.campingdeletangdupuy.com\/en\/wp-json\/wp\/v2\/pages\/13\/revisions"}],"predecessor-version":[{"id":5083,"href":"https:\/\/www.campingdeletangdupuy.com\/en\/wp-json\/wp\/v2\/pages\/13\/revisions\/5083"}],"wp:attachment":[{"href":"https:\/\/www.campingdeletangdupuy.com\/en\/wp-json\/wp\/v2\/media?parent=13"}],"curies":[{"name":"wp","href":"https:\/\/api.w.org\/{rel}","templated":true}]}}