{"id":118,"date":"2017-02-15T11:01:47","date_gmt":"2017-02-15T10:01:47","guid":{"rendered":"https:\/\/www.campingdeletangdupuy.com\/?page_id=118"},"modified":"2025-02-14T10:09:13","modified_gmt":"2025-02-14T09:09:13","slug":"leisure-parks","status":"publish","type":"page","link":"https:\/\/www.campingdeletangdupuy.com\/en\/parcs-de-loisirs\/","title":{"rendered":"Leisure parks and visits"},"content":{"rendered":"<div class=\"wp-block-columns is-layout-flex wp-container-core-columns-is-layout-9d6595d7 wp-block-columns-is-layout-flex\">\n<div class=\"wp-block-column is-layout-flow wp-block-column-is-layout-flow\">\t\t\t<div id=\"sevgallery-300553489\" class=\"carousel slide\" data-ride=\"carousel\">\r\n\t\t\t\t<!-- Indicators -->\r\n\t\t\t\t<ol class=\"carousel-indicators\">\r\n\t\t\t\t\t\t\t\t\t\t\t\t\t\t\t\t\t<li data-target=\"#sevgallery-300553489\" data-slide-to=\"0\" class=\"active\"><\/li>\r\n\t\t\t\t\t\t\t\t\t\t\t\t\t\t\t\t\t<li data-target=\"#sevgallery-300553489\" data-slide-to=\"1\"><\/li>\r\n\t\t\t\t\t\t\t\t\t\t\t\t\t\t\t\t\t<li data-target=\"#sevgallery-300553489\" data-slide-to=\"2\"><\/li>\r\n\t\t\t\t\t\t\t\t\t\t\t\t\t\t\t\t\t<li data-target=\"#sevgallery-300553489\" data-slide-to=\"3\"><\/li>\r\n\t\t\t\t\t\t\t\t\t\t\t\t\t\t\t\t\t<li data-target=\"#sevgallery-300553489\" data-slide-to=\"4\"><\/li>\r\n\t\t\t\t\t\t\t\t\t\t\t\t\t\t\t\t\t<li data-target=\"#sevgallery-300553489\" data-slide-to=\"5\"><\/li>\r\n\t\t\t\t\t\t\t\t\t\t\t\t\t\t\t\t\t<li data-target=\"#sevgallery-300553489\" data-slide-to=\"6\"><\/li>\r\n\t\t\t\t\t\t\t\t\t\t\t\t\t\t\t\t\t<li data-target=\"#sevgallery-300553489\" data-slide-to=\"7\"><\/li>\r\n\t\t\t\t\t\t\t\t\t\t\t\t\t\t\t\t\t<li data-target=\"#sevgallery-300553489\" data-slide-to=\"8\"><\/li>\r\n\t\t\t\t\t\t\t\t\t\t\t\t\t\t\t\t\t<li data-target=\"#sevgallery-300553489\" data-slide-to=\"9\"><\/li>\r\n\t\t\t\t\t\t\t\t\t\t\t\t\t\t\t\t\t<li data-target=\"#sevgallery-300553489\" data-slide-to=\"10\"><\/li>\r\n\t\t\t\t\t\t\t\t\t\t\t\t\t\t\t\t\t<li data-target=\"#sevgallery-300553489\" data-slide-to=\"11\"><\/li>\r\n\t\t\t\t\t\t\t\t\t\t\t\t\t\t\t\t\t<li data-target=\"#sevgallery-300553489\" data-slide-to=\"12\"><\/li>\r\n\t\t\t\t\t\t\t\t\t\t\t\t\t\t\t\t\t<li data-target=\"#sevgallery-300553489\" data-slide-to=\"13\"><\/li>\r\n\t\t\t\t\t\t\t\t\t\t\t\t\t\t\t\t\t<li data-target=\"#sevgallery-300553489\" data-slide-to=\"14\"><\/li>\r\n\t\t\t\t\t\t\t\t\t<\/ol>\r\n\r\n\t\t\t\t<!-- Wrapper for slides -->\r\n\t\t\t\t<div class=\"carousel-inner\" role=\"listbox\">\r\n\t\t\t\t\t\t\t\t\t\t\t\t\t\t\t\t\t\t\t\t\t\t\t\t\t\t\t\t\t<div class=\"item active\">\r\n\t\t\t\t\t\t\t<a href=\"https:\/\/www.campingdeletangdupuy.com\/wp-content\/uploads\/2017\/02\/tiffauges2.jpg\" data-lightbox=\"sevgallery-300553489\" data-title=\"Ch\u00e2teau de Tiffauges\" title=\"Enlarge\">\r\n\t\t\t\t\t\t\t\t<img decoding=\"async\" src=\"https:\/\/www.campingdeletangdupuy.com\/wp-content\/uploads\/2017\/02\/tiffauges2-1024x683.jpg\" alt=\"Tiffauges Castle\" desc=\"Ch\u00e2teau de Tiffauges\">\r\n\t\t\t\t\t\t\t\t<div class=\"carousel-caption\">\r\n\t\t\t\t\t\t\t\t\t\t\t\t\t\t\t\t\t<\/div>\r\n\t\t\t\t\t\t\t<\/a>\r\n\t\t\t\t\t\t<\/div>\r\n\t\t\t\t\t\t\t\t\t\t\t\t\t\t\t\t\t\t\t\t\t\t\t\t\t\t\t\t\t<div class=\"item\">\r\n\t\t\t\t\t\t\t<a href=\"https:\/\/www.campingdeletangdupuy.com\/wp-content\/uploads\/2017\/02\/tiffauges5.jpg\" data-lightbox=\"sevgallery-300553489\" data-title=\"Ch\u00e2teau de Tiffauges\" title=\"Enlarge\">\r\n\t\t\t\t\t\t\t\t<img decoding=\"async\" src=\"https:\/\/www.campingdeletangdupuy.com\/wp-content\/uploads\/2017\/02\/tiffauges5-1024x683.jpg\" alt=\"Tiffauges Castle\" desc=\"Ch\u00e2teau de Tiffauges\">\r\n\t\t\t\t\t\t\t\t<div class=\"carousel-caption\">\r\n\t\t\t\t\t\t\t\t\t\t\t\t\t\t\t\t\t<\/div>\r\n\t\t\t\t\t\t\t<\/a>\r\n\t\t\t\t\t\t<\/div>\r\n\t\t\t\t\t\t\t\t\t\t\t\t\t\t\t\t\t\t\t\t\t\t\t\t\t\t\t\t\t<div class=\"item\">\r\n\t\t\t\t\t\t\t<a href=\"https:\/\/www.campingdeletangdupuy.com\/wp-content\/uploads\/2017\/02\/tiffauges.jpg\" data-lightbox=\"sevgallery-300553489\" data-title=\"Ch\u00e2teau de Tiffauges\" title=\"Enlarge\">\r\n\t\t\t\t\t\t\t\t<img decoding=\"async\" src=\"https:\/\/www.campingdeletangdupuy.com\/wp-content\/uploads\/2017\/02\/tiffauges-1024x683.jpg\" alt=\"Tiffauges Castle\" desc=\"Ch\u00e2teau de Tiffauges\">\r\n\t\t\t\t\t\t\t\t<div class=\"carousel-caption\">\r\n\t\t\t\t\t\t\t\t\t\t\t\t\t\t\t\t\t<\/div>\r\n\t\t\t\t\t\t\t<\/a>\r\n\t\t\t\t\t\t<\/div>\r\n\t\t\t\t\t\t\t\t\t\t\t\t\t\t\t\t\t\t\t\t\t\t\t\t\t\t\t\t\t<div class=\"item\">\r\n\t\t\t\t\t\t\t<a href=\"https:\/\/www.campingdeletangdupuy.com\/wp-content\/uploads\/2017\/02\/tiffauges4.jpg\" data-lightbox=\"sevgallery-300553489\" data-title=\"Ch\u00e2teau de Tiffauges\" title=\"Enlarge\">\r\n\t\t\t\t\t\t\t\t<img decoding=\"async\" src=\"https:\/\/www.campingdeletangdupuy.com\/wp-content\/uploads\/2017\/02\/tiffauges4-1024x683.jpg\" alt=\"Tiffauges Castle\" desc=\"Ch\u00e2teau de Tiffauges\">\r\n\t\t\t\t\t\t\t\t<div class=\"carousel-caption\">\r\n\t\t\t\t\t\t\t\t\t\t\t\t\t\t\t\t\t<\/div>\r\n\t\t\t\t\t\t\t<\/a>\r\n\t\t\t\t\t\t<\/div>\r\n\t\t\t\t\t\t\t\t\t\t\t\t\t\t\t\t\t\t\t\t\t\t\t\t\t\t\t\t\t<div class=\"item\">\r\n\t\t\t\t\t\t\t<a href=\"https:\/\/www.campingdeletangdupuy.com\/wp-content\/uploads\/2017\/02\/futuroscope.jpg\" data-lightbox=\"sevgallery-300553489\" data-title=\"Le Futuroscope\" title=\"Enlarge\">\r\n\t\t\t\t\t\t\t\t<img decoding=\"async\" src=\"https:\/\/www.campingdeletangdupuy.com\/wp-content\/uploads\/2017\/02\/futuroscope.jpg\" alt=\"Futuroscope\" desc=\"Le Futuroscope\">\r\n\t\t\t\t\t\t\t\t<div class=\"carousel-caption\">\r\n\t\t\t\t\t\t\t\t\t\t\t\t\t\t\t\t\t<\/div>\r\n\t\t\t\t\t\t\t<\/a>\r\n\t\t\t\t\t\t<\/div>\r\n\t\t\t\t\t\t\t\t\t\t\t\t\t\t\t\t\t\t\t\t\t\t\t\t\t\t\t\t\t<div class=\"item\">\r\n\t\t\t\t\t\t\t<a href=\"https:\/\/www.campingdeletangdupuy.com\/wp-content\/uploads\/2017\/02\/futuroscope-le-monde-des-enfants.jpg\" data-lightbox=\"sevgallery-300553489\" data-title=\"Le Futuroscope\" title=\"Enlarge\">\r\n\t\t\t\t\t\t\t\t<img decoding=\"async\" src=\"https:\/\/www.campingdeletangdupuy.com\/wp-content\/uploads\/2017\/02\/futuroscope-le-monde-des-enfants-1024x598.jpg\" alt=\"Futuroscope\" desc=\"Le Futuroscope\">\r\n\t\t\t\t\t\t\t\t<div class=\"carousel-caption\">\r\n\t\t\t\t\t\t\t\t\t\t\t\t\t\t\t\t\t<\/div>\r\n\t\t\t\t\t\t\t<\/a>\r\n\t\t\t\t\t\t<\/div>\r\n\t\t\t\t\t\t\t\t\t\t\t\t\t\t\t\t\t\t\t\t\t\t\t\t\t\t\t\t\t<div class=\"item\">\r\n\t\t\t\t\t\t\t<a href=\"https:\/\/www.campingdeletangdupuy.com\/wp-content\/uploads\/2017\/02\/planete-sauvage5.jpg\" data-lightbox=\"sevgallery-300553489\" data-title=\"Plan\u00e8te Sauvage\" title=\"Enlarge\">\r\n\t\t\t\t\t\t\t\t<img decoding=\"async\" src=\"https:\/\/www.campingdeletangdupuy.com\/wp-content\/uploads\/2017\/02\/planete-sauvage5-1024x683.jpg\" alt=\"Plan\u00e8te Sauvage\" desc=\"Plan\u00e8te Sauvage\">\r\n\t\t\t\t\t\t\t\t<div class=\"carousel-caption\">\r\n\t\t\t\t\t\t\t\t\t\t\t\t\t\t\t\t\t<\/div>\r\n\t\t\t\t\t\t\t<\/a>\r\n\t\t\t\t\t\t<\/div>\r\n\t\t\t\t\t\t\t\t\t\t\t\t\t\t\t\t\t\t\t\t\t\t\t\t\t\t\t\t\t<div class=\"item\">\r\n\t\t\t\t\t\t\t<a href=\"https:\/\/www.campingdeletangdupuy.com\/wp-content\/uploads\/2017\/02\/planete-sauvage.jpg\" data-lightbox=\"sevgallery-300553489\" data-title=\"Plan\u00e8te Sauvage\" title=\"Enlarge\">\r\n\t\t\t\t\t\t\t\t<img decoding=\"async\" src=\"https:\/\/www.campingdeletangdupuy.com\/wp-content\/uploads\/2017\/02\/planete-sauvage-1024x683.jpg\" alt=\"Plan\u00e8te Sauvage\" desc=\"Plan\u00e8te Sauvage\">\r\n\t\t\t\t\t\t\t\t<div class=\"carousel-caption\">\r\n\t\t\t\t\t\t\t\t\t\t\t\t\t\t\t\t\t<\/div>\r\n\t\t\t\t\t\t\t<\/a>\r\n\t\t\t\t\t\t<\/div>\r\n\t\t\t\t\t\t\t\t\t\t\t\t\t\t\t\t\t\t\t\t\t\t\t\t\t\t\t\t\t<div class=\"item\">\r\n\t\t\t\t\t\t\t<a href=\"https:\/\/www.campingdeletangdupuy.com\/wp-content\/uploads\/2017\/02\/planete-sauvage1.jpg\" data-lightbox=\"sevgallery-300553489\" data-title=\"Plan\u00e8te Sauvage\" title=\"Enlarge\">\r\n\t\t\t\t\t\t\t\t<img decoding=\"async\" src=\"https:\/\/www.campingdeletangdupuy.com\/wp-content\/uploads\/2017\/02\/planete-sauvage1-1024x683.jpg\" alt=\"Plan\u00e8te Sauvage\" desc=\"Plan\u00e8te Sauvage\">\r\n\t\t\t\t\t\t\t\t<div class=\"carousel-caption\">\r\n\t\t\t\t\t\t\t\t\t\t\t\t\t\t\t\t\t<\/div>\r\n\t\t\t\t\t\t\t<\/a>\r\n\t\t\t\t\t\t<\/div>\r\n\t\t\t\t\t\t\t\t\t\t\t\t\t\t\t\t\t\t\t\t\t\t\t\t\t\t\t\t\t<div class=\"item\">\r\n\t\t\t\t\t\t\t<a href=\"https:\/\/www.campingdeletangdupuy.com\/wp-content\/uploads\/2017\/02\/planete-sauvage8.jpg\" data-lightbox=\"sevgallery-300553489\" data-title=\"Plan\u00e8te Sauvage\" title=\"Enlarge\">\r\n\t\t\t\t\t\t\t\t<img decoding=\"async\" src=\"https:\/\/www.campingdeletangdupuy.com\/wp-content\/uploads\/2017\/02\/planete-sauvage8-1024x683.jpg\" alt=\"Plan\u00e8te Sauvage\" desc=\"Plan\u00e8te Sauvage\">\r\n\t\t\t\t\t\t\t\t<div class=\"carousel-caption\">\r\n\t\t\t\t\t\t\t\t\t\t\t\t\t\t\t\t\t<\/div>\r\n\t\t\t\t\t\t\t<\/a>\r\n\t\t\t\t\t\t<\/div>\r\n\t\t\t\t\t\t\t\t\t\t\t\t\t\t\t\t\t\t\t\t\t\t\t\t\t\t\t\t\t<div class=\"item\">\r\n\t\t\t\t\t\t\t<a href=\"https:\/\/www.campingdeletangdupuy.com\/wp-content\/uploads\/2017\/02\/planete-sauvage6.jpg\" data-lightbox=\"sevgallery-300553489\" data-title=\"Plan\u00e8te Sauvage\" title=\"Enlarge\">\r\n\t\t\t\t\t\t\t\t<img decoding=\"async\" src=\"https:\/\/www.campingdeletangdupuy.com\/wp-content\/uploads\/2017\/02\/planete-sauvage6-1024x683.jpg\" alt=\"Plan\u00e8te Sauvage\" desc=\"Plan\u00e8te Sauvage\">\r\n\t\t\t\t\t\t\t\t<div class=\"carousel-caption\">\r\n\t\t\t\t\t\t\t\t\t\t\t\t\t\t\t\t\t<\/div>\r\n\t\t\t\t\t\t\t<\/a>\r\n\t\t\t\t\t\t<\/div>\r\n\t\t\t\t\t\t\t\t\t\t\t\t\t\t\t\t\t\t\t\t\t\t\t\t\t\t\t\t\t<div class=\"item\">\r\n\t\t\t\t\t\t\t<a href=\"https:\/\/www.campingdeletangdupuy.com\/wp-content\/uploads\/2017\/02\/planete-sauvage3.jpg\" data-lightbox=\"sevgallery-300553489\" data-title=\"Plan\u00e8te Sauvage\" title=\"Enlarge\">\r\n\t\t\t\t\t\t\t\t<img decoding=\"async\" src=\"https:\/\/www.campingdeletangdupuy.com\/wp-content\/uploads\/2017\/02\/planete-sauvage3-1024x683.jpg\" alt=\"Plan\u00e8te Sauvage\" desc=\"Plan\u00e8te Sauvage\">\r\n\t\t\t\t\t\t\t\t<div class=\"carousel-caption\">\r\n\t\t\t\t\t\t\t\t\t\t\t\t\t\t\t\t\t<\/div>\r\n\t\t\t\t\t\t\t<\/a>\r\n\t\t\t\t\t\t<\/div>\r\n\t\t\t\t\t\t\t\t\t\t\t\t\t\t\t\t\t\t\t\t\t\t\t\t\t\t\t\t\t<div class=\"item\">\r\n\t\t\t\t\t\t\t<a href=\"https:\/\/www.campingdeletangdupuy.com\/wp-content\/uploads\/2017\/02\/planete-sauvage2.jpg\" data-lightbox=\"sevgallery-300553489\" data-title=\"Plan\u00e8te Sauvage\" title=\"Enlarge\">\r\n\t\t\t\t\t\t\t\t<img decoding=\"async\" src=\"https:\/\/www.campingdeletangdupuy.com\/wp-content\/uploads\/2017\/02\/planete-sauvage2-1024x683.jpg\" alt=\"Plan\u00e8te Sauvage\" desc=\"Plan\u00e8te Sauvage\">\r\n\t\t\t\t\t\t\t\t<div class=\"carousel-caption\">\r\n\t\t\t\t\t\t\t\t\t\t\t\t\t\t\t\t\t<\/div>\r\n\t\t\t\t\t\t\t<\/a>\r\n\t\t\t\t\t\t<\/div>\r\n\t\t\t\t\t\t\t\t\t\t\t\t\t\t\t\t\t\t\t\t\t\t\t\t\t\t\t\t\t<div class=\"item\">\r\n\t\t\t\t\t\t\t<a href=\"https:\/\/www.campingdeletangdupuy.com\/wp-content\/uploads\/2017\/02\/planete-sauvage7.jpg\" data-lightbox=\"sevgallery-300553489\" data-title=\"Plan\u00e8te Sauvage\" title=\"Enlarge\">\r\n\t\t\t\t\t\t\t\t<img decoding=\"async\" src=\"https:\/\/www.campingdeletangdupuy.com\/wp-content\/uploads\/2017\/02\/planete-sauvage7-1024x683.jpg\" alt=\"Plan\u00e8te Sauvage\" desc=\"Plan\u00e8te Sauvage\">\r\n\t\t\t\t\t\t\t\t<div class=\"carousel-caption\">\r\n\t\t\t\t\t\t\t\t\t\t\t\t\t\t\t\t\t<\/div>\r\n\t\t\t\t\t\t\t<\/a>\r\n\t\t\t\t\t\t<\/div>\r\n\t\t\t\t\t\t\t\t\t\t\t\t\t\t\t\t\t\t\t\t\t\t\t\t\t\t\t\t\t<div class=\"item\">\r\n\t\t\t\t\t\t\t<a href=\"https:\/\/www.campingdeletangdupuy.com\/wp-content\/uploads\/2017\/02\/planete-sauvage4.jpg\" data-lightbox=\"sevgallery-300553489\" data-title=\"Plan\u00e8te Sauvage\" title=\"Enlarge\">\r\n\t\t\t\t\t\t\t\t<img decoding=\"async\" src=\"https:\/\/www.campingdeletangdupuy.com\/wp-content\/uploads\/2017\/02\/planete-sauvage4-1024x683.jpg\" alt=\"Plan\u00e8te Sauvage\" desc=\"Plan\u00e8te Sauvage\">\r\n\t\t\t\t\t\t\t\t<div class=\"carousel-caption\">\r\n\t\t\t\t\t\t\t\t\t\t\t\t\t\t\t\t\t<\/div>\r\n\t\t\t\t\t\t\t<\/a>\r\n\t\t\t\t\t\t<\/div>\r\n\t\t\t\t\t\t\t\t\t<\/div>\r\n\r\n\t\t\t\t<!-- Controls -->\r\n\t\t\t\t<a class=\"left carousel-control\" href=\"#sevgallery-300553489\" role=\"button\" data-slide=\"prev\">\r\n\t\t\t\t\t<span class=\"glyphicon glyphicon-chevron-left\" aria-hidden=\"true\"><\/span>\r\n\t\t\t\t\t<span class=\"sr-only\">Previous<\/span>\r\n\t\t\t\t<\/a>\r\n\t\t\t\t<a class=\"right carousel-control\" href=\"#sevgallery-300553489\" role=\"button\" data-slide=\"next\">\r\n\t\t\t\t\t<span class=\"glyphicon glyphicon-chevron-right\" aria-hidden=\"true\"><\/span>\r\n\t\t\t\t\t<span class=\"sr-only\">Next<\/span>\r\n\t\t\t\t<\/a>\r\n\t\t\t\t\r\n\t\t\t\t<span class=\"glyphicon glyphicon-fullscreen\" data-toggle=\"tooltip\" data-title=\"Cliquer sur la photo pour l'agrandir\" data-placement=\"left\"><\/span>\r\n\r\n\t\t\t\t<script>\r\n\t\t\t\tjQuery(function($) {\r\n\r\n\t\t\t\t    var carousel = $('#sevgallery-300553489');\r\n\t\t\t\t    var imgFirst = carousel.find('.carousel-inner > .item:first-child img');\r\n\r\n\t\t\t\t    carousel.height( 'auto' );\r\n\r\n\t\t\t\t    $( imgFirst ).load(function($) {\r\n\r\n\t\t\t\t        var heightFirst = imgFirst.height();\r\n\r\n\t\t\t\t        carousel.height( heightFirst );\r\n\t\t\t\t        carousel.find('.item img').css( 'max-height', heightFirst + 'px' );\r\n\t\t\t\t    });\r\n\t\t\t\t});\r\n\t\t\t\t<\/script>\r\n\r\n\r\n\t\t\t<\/div>\r\n\r\n\t\t\t\r\n\t\t\n<\/div>\n\n\n\n<div class=\"wp-block-column is-layout-flow wp-block-column-is-layout-flow\">\n<p>\u00a0<\/p>\n<h2>The Ch\u00e2teau de Barbe Bleue in Tiffauges (29 km).<\/h2>\n<p>Catapult trials, knightly combat, a tour of the castle, shows and entertainment for all the family and, of course, the story of the famous Gilles de Rais, friend of Joan of Arc, told by excellent actors!<br \/><strong>Our advice:<\/strong> You'll need at least an afternoon to explore the Bluebeard castle.<\/p>\n<h2>Futuroscope (199 km)<\/h2>\n<p>\"La Cit\u00e9 du Futur\" has now been running for 30 years, and every year it continues to expand its range of scientific, multimedia, robotic and cinematic events. For the pleasure of the eyes and the sensations of the body!<\/p>\n<h2>Plan\u00e8te Sauvage in Nantes (113 km)<\/h2>\n<p>To be able to admire wild animals in complete freedom is a privilege.<br \/>In this 130-hectare site with 2,000 animals, including 200 different species, you choose part of your walk in your car, a 4\u00d74 or a specially equipped truck to get as close as possible to the animals. Very impressive!<br \/><strong>Our advice:<\/strong> A must-see!<\/p>\n<p>\u00a0<\/p>\n<h2>The machines on the island of Nantes (88 km)<\/h2>\n<p>A must-see attraction in Nantes since 2004, this island is populated by strange creatures straight out of the imagination of its two designers, who would not have denied Jules Verne.<br \/>It's an original, fun project: showing how gigantic mechanical animals are made, from the sketch to the finished machine. It's a feast for the eyes to see a giant 12-metre, 48-tonne elephant literally walking around - and you can even climb inside to experience its peregrinations!<\/p>\n<p>There's also a manta ray, the future heron tree - currently under construction - and the sea serpent.<\/p>\n<h2>Mesnil la Baroti\u00e8re leisure centre (17 km)<\/h2>\n<p>A 17-hectare lake welcomes you for all kinds of outdoor activities. You can enjoy swimming or fishing.<\/p>\n<p>There are several picnic areas where you can enjoy lunch in the heart of nature, as well as a riverside cr\u00e8perie. There are also pedalos, kayaks, mini golf and the T\u00e9pacap adventure park, with tree courses for all ages as well as archery and paint ball.<\/p>\n<p><strong>Our advice:<\/strong> Swimming is free, unlike all other activities.<\/p>\n<h2>Poupet valley at Saint Malo du bois (11 km)<\/h2>\n<p>Renowned for its music festival, which has been held in July every year for the past thirty years, Poupet is also a wonderful place to take a number of walks along the S\u00e8vre Nantaise, including the SM01 short hike.<br \/>There's also a canoeing and kayaking base for the more adventurous!<br \/><br \/><\/p>\n<\/div>\n<\/div>","protected":false},"excerpt":{"rendered":"<p>\u00a0 Le Ch\u00e2teau de Barbe Bleue \u00e0 Tiffauges (29 km). Essai de catapultes, combats de chevaliers, visite du ch\u00e2teau, spectacles et animations pour toute la famille et bien s\u00fbr l\u2019histoire du c\u00e9l\u00e8bre Gilles de Rais, ami de Jeanne d&rsquo;Arc, racont\u00e9e par d\u2019excellents com\u00e9diens!Notre conseil : La d\u00e9couverte du ch\u00e2teau de \u00ab\u00a0barbe bleue\u00a0\u00bb se fait en [&hellip;]<\/p>\n","protected":false},"author":1,"featured_media":0,"parent":0,"menu_order":0,"comment_status":"closed","ping_status":"closed","template":"","meta":{"footnotes":""},"class_list":["post-118","page","type-page","status-publish","hentry"],"yoast_head":"<!-- This site is optimized with the Yoast SEO plugin v27.5 - https:\/\/yoast.com\/product\/yoast-seo-wordpress\/ -->\n<title>Les parcs de loisirs et visites - Camping Puy du Fou Vend\u00e9e<\/title>\n<meta name=\"robots\" content=\"index, follow, max-snippet:-1, max-image-preview:large, max-video-preview:-1\" \/>\n<link rel=\"canonical\" href=\"https:\/\/www.campingdeletangdupuy.com\/en\/leisure-parks\/\" \/>\n<meta property=\"og:locale\" content=\"en_GB\" \/>\n<meta property=\"og:type\" content=\"article\" \/>\n<meta property=\"og:title\" content=\"Les parcs de loisirs et visites - Camping Puy du Fou Vend\u00e9e\" \/>\n<meta property=\"og:description\" content=\"\u00a0 Le Ch\u00e2teau de Barbe Bleue \u00e0 Tiffauges (29 km). Essai de catapultes, combats de chevaliers, visite du ch\u00e2teau, spectacles et animations pour toute la famille et bien s\u00fbr l\u2019histoire du c\u00e9l\u00e8bre Gilles de Rais, ami de Jeanne d&rsquo;Arc, racont\u00e9e par d\u2019excellents com\u00e9diens!Notre conseil : La d\u00e9couverte du ch\u00e2teau de \u00ab\u00a0barbe bleue\u00a0\u00bb se fait en [&hellip;]\" \/>\n<meta property=\"og:url\" content=\"https:\/\/www.campingdeletangdupuy.com\/en\/leisure-parks\/\" \/>\n<meta property=\"og:site_name\" content=\"Camping Puy du Fou Vend\u00e9e\" \/>\n<meta property=\"article:publisher\" content=\"http:\/\/www.facebook.com\/pages\/Camping-de-l%c3%a9tang-du-Puy\/104488892969789\" \/>\n<meta property=\"article:modified_time\" content=\"2025-02-14T09:09:13+00:00\" \/>\n<meta name=\"twitter:card\" content=\"summary_large_image\" \/>\n<meta name=\"twitter:label1\" content=\"Estimated reading time\" \/>\n\t<meta name=\"twitter:data1\" content=\"3 minutes\" \/>\n<script type=\"application\/ld+json\" class=\"yoast-schema-graph\">{\"@context\":\"https:\\\/\\\/schema.org\",\"@graph\":[{\"@type\":\"WebPage\",\"@id\":\"https:\\\/\\\/www.campingdeletangdupuy.com\\\/parcs-de-loisirs\\\/\",\"url\":\"https:\\\/\\\/www.campingdeletangdupuy.com\\\/parcs-de-loisirs\\\/\",\"name\":\"Les parcs de loisirs et visites - Camping Puy du Fou Vend\u00e9e\",\"isPartOf\":{\"@id\":\"https:\\\/\\\/www.campingdeletangdupuy.com\\\/#website\"},\"datePublished\":\"2017-02-15T10:01:47+00:00\",\"dateModified\":\"2025-02-14T09:09:13+00:00\",\"breadcrumb\":{\"@id\":\"https:\\\/\\\/www.campingdeletangdupuy.com\\\/parcs-de-loisirs\\\/#breadcrumb\"},\"inLanguage\":\"en-GB\",\"potentialAction\":[{\"@type\":\"ReadAction\",\"target\":[\"https:\\\/\\\/www.campingdeletangdupuy.com\\\/parcs-de-loisirs\\\/\"]}]},{\"@type\":\"BreadcrumbList\",\"@id\":\"https:\\\/\\\/www.campingdeletangdupuy.com\\\/parcs-de-loisirs\\\/#breadcrumb\",\"itemListElement\":[{\"@type\":\"ListItem\",\"position\":1,\"name\":\"Accueil\",\"item\":\"https:\\\/\\\/www.campingdeletangdupuy.com\\\/\"},{\"@type\":\"ListItem\",\"position\":2,\"name\":\"Les parcs de loisirs et visites\"}]},{\"@type\":\"WebSite\",\"@id\":\"https:\\\/\\\/www.campingdeletangdupuy.com\\\/#website\",\"url\":\"https:\\\/\\\/www.campingdeletangdupuy.com\\\/\",\"name\":\"Camping Puy du Fou Vend\u00e9e\",\"description\":\"\",\"publisher\":{\"@id\":\"https:\\\/\\\/www.campingdeletangdupuy.com\\\/#organization\"},\"potentialAction\":[{\"@type\":\"SearchAction\",\"target\":{\"@type\":\"EntryPoint\",\"urlTemplate\":\"https:\\\/\\\/www.campingdeletangdupuy.com\\\/?s={search_term_string}\"},\"query-input\":{\"@type\":\"PropertyValueSpecification\",\"valueRequired\":true,\"valueName\":\"search_term_string\"}}],\"inLanguage\":\"en-GB\"},{\"@type\":\"Organization\",\"@id\":\"https:\\\/\\\/www.campingdeletangdupuy.com\\\/#organization\",\"name\":\"Campind l'\u00c9tang du Puy\",\"url\":\"https:\\\/\\\/www.campingdeletangdupuy.com\\\/\",\"logo\":{\"@type\":\"ImageObject\",\"inLanguage\":\"en-GB\",\"@id\":\"https:\\\/\\\/www.campingdeletangdupuy.com\\\/#\\\/schema\\\/logo\\\/image\\\/\",\"url\":\"https:\\\/\\\/www.campingdeletangdupuy.com\\\/wp-content\\\/uploads\\\/2017\\\/02\\\/logo.png\",\"contentUrl\":\"https:\\\/\\\/www.campingdeletangdupuy.com\\\/wp-content\\\/uploads\\\/2017\\\/02\\\/logo.png\",\"width\":340,\"height\":143,\"caption\":\"Campind l'\u00c9tang du Puy\"},\"image\":{\"@id\":\"https:\\\/\\\/www.campingdeletangdupuy.com\\\/#\\\/schema\\\/logo\\\/image\\\/\"},\"sameAs\":[\"http:\\\/\\\/www.facebook.com\\\/pages\\\/Camping-de-l\u00e9tang-du-Puy\\\/104488892969789\"]}]}<\/script>\n<!-- \/ Yoast SEO plugin. -->","yoast_head_json":{"title":"Leisure parks and visits - Camping Puy du Fou Vend\u00e9e","robots":{"index":"index","follow":"follow","max-snippet":"max-snippet:-1","max-image-preview":"max-image-preview:large","max-video-preview":"max-video-preview:-1"},"canonical":"https:\/\/www.campingdeletangdupuy.com\/en\/leisure-parks\/","og_locale":"en_GB","og_type":"article","og_title":"Les parcs de loisirs et visites - Camping Puy du Fou Vend\u00e9e","og_description":"\u00a0 Le Ch\u00e2teau de Barbe Bleue \u00e0 Tiffauges (29 km). Essai de catapultes, combats de chevaliers, visite du ch\u00e2teau, spectacles et animations pour toute la famille et bien s\u00fbr l\u2019histoire du c\u00e9l\u00e8bre Gilles de Rais, ami de Jeanne d&rsquo;Arc, racont\u00e9e par d\u2019excellents com\u00e9diens!Notre conseil : La d\u00e9couverte du ch\u00e2teau de \u00ab\u00a0barbe bleue\u00a0\u00bb se fait en [&hellip;]","og_url":"https:\/\/www.campingdeletangdupuy.com\/en\/leisure-parks\/","og_site_name":"Camping Puy du Fou Vend\u00e9e","article_publisher":"http:\/\/www.facebook.com\/pages\/Camping-de-l%c3%a9tang-du-Puy\/104488892969789","article_modified_time":"2025-02-14T09:09:13+00:00","twitter_card":"summary_large_image","twitter_misc":{"Estimated reading time":"3 minutes"},"schema":{"@context":"https:\/\/schema.org","@graph":[{"@type":"WebPage","@id":"https:\/\/www.campingdeletangdupuy.com\/parcs-de-loisirs\/","url":"https:\/\/www.campingdeletangdupuy.com\/parcs-de-loisirs\/","name":"Leisure parks and visits - Camping Puy du Fou Vend\u00e9e","isPartOf":{"@id":"https:\/\/www.campingdeletangdupuy.com\/#website"},"datePublished":"2017-02-15T10:01:47+00:00","dateModified":"2025-02-14T09:09:13+00:00","breadcrumb":{"@id":"https:\/\/www.campingdeletangdupuy.com\/parcs-de-loisirs\/#breadcrumb"},"inLanguage":"en-GB","potentialAction":[{"@type":"ReadAction","target":["https:\/\/www.campingdeletangdupuy.com\/parcs-de-loisirs\/"]}]},{"@type":"BreadcrumbList","@id":"https:\/\/www.campingdeletangdupuy.com\/parcs-de-loisirs\/#breadcrumb","itemListElement":[{"@type":"ListItem","position":1,"name":"Accueil","item":"https:\/\/www.campingdeletangdupuy.com\/"},{"@type":"ListItem","position":2,"name":"Les parcs de loisirs et visites"}]},{"@type":"WebSite","@id":"https:\/\/www.campingdeletangdupuy.com\/#website","url":"https:\/\/www.campingdeletangdupuy.com\/","name":"Campsite Puy du Fou Vend\u00e9e","description":"","publisher":{"@id":"https:\/\/www.campingdeletangdupuy.com\/#organization"},"potentialAction":[{"@type":"SearchAction","target":{"@type":"EntryPoint","urlTemplate":"https:\/\/www.campingdeletangdupuy.com\/?s={search_term_string}"},"query-input":{"@type":"PropertyValueSpecification","valueRequired":true,"valueName":"search_term_string"}}],"inLanguage":"en-GB"},{"@type":"Organization","@id":"https:\/\/www.campingdeletangdupuy.com\/#organization","name":"Campind l'\u00c9tang du Puy","url":"https:\/\/www.campingdeletangdupuy.com\/","logo":{"@type":"ImageObject","inLanguage":"en-GB","@id":"https:\/\/www.campingdeletangdupuy.com\/#\/schema\/logo\/image\/","url":"https:\/\/www.campingdeletangdupuy.com\/wp-content\/uploads\/2017\/02\/logo.png","contentUrl":"https:\/\/www.campingdeletangdupuy.com\/wp-content\/uploads\/2017\/02\/logo.png","width":340,"height":143,"caption":"Campind l'\u00c9tang du Puy"},"image":{"@id":"https:\/\/www.campingdeletangdupuy.com\/#\/schema\/logo\/image\/"},"sameAs":["http:\/\/www.facebook.com\/pages\/Camping-de-l\u00e9tang-du-Puy\/104488892969789"]}]}},"_links":{"self":[{"href":"https:\/\/www.campingdeletangdupuy.com\/en\/wp-json\/wp\/v2\/pages\/118","targetHints":{"allow":["GET"]}}],"collection":[{"href":"https:\/\/www.campingdeletangdupuy.com\/en\/wp-json\/wp\/v2\/pages"}],"about":[{"href":"https:\/\/www.campingdeletangdupuy.com\/en\/wp-json\/wp\/v2\/types\/page"}],"author":[{"embeddable":true,"href":"https:\/\/www.campingdeletangdupuy.com\/en\/wp-json\/wp\/v2\/users\/1"}],"replies":[{"embeddable":true,"href":"https:\/\/www.campingdeletangdupuy.com\/en\/wp-json\/wp\/v2\/comments?post=118"}],"version-history":[{"count":10,"href":"https:\/\/www.campingdeletangdupuy.com\/en\/wp-json\/wp\/v2\/pages\/118\/revisions"}],"predecessor-version":[{"id":5087,"href":"https:\/\/www.campingdeletangdupuy.com\/en\/wp-json\/wp\/v2\/pages\/118\/revisions\/5087"}],"wp:attachment":[{"href":"https:\/\/www.campingdeletangdupuy.com\/en\/wp-json\/wp\/v2\/media?parent=118"}],"curies":[{"name":"wp","href":"https:\/\/api.w.org\/{rel}","templated":true}]}}